{"id":498,"date":"2018-02-07T12:11:49","date_gmt":"2018-02-07T11:11:49","guid":{"rendered":"http:\/\/www.mzone.cz\/?page_id=498"},"modified":"2024-12-15T12:50:56","modified_gmt":"2024-12-15T11:50:56","slug":"redakce","status":"publish","type":"page","link":"https:\/\/www.mzone.cz\/en\/redakce\/","title":{"rendered":"Redakce"},"content":{"rendered":"<section class=\"fw-main-row\"  >\n\t<div class=\"fw-container\">\n\t\t<div class=\"fw-row\">\n\t<div class=\"col-md-12 col-sm-12 col-xs-12\">\n\t<p><strong>Na\u0161i redakto\u0159i p\u0159in\u00e1\u0161ej\u00ed pravideln\u011b informace o zaj\u00edmavostech, technick\u00fdch novink\u00e1ch \u010di historick\u00fdch faktech. Sou\u010d\u00e1st\u00ed magaz\u00ednu jsou i recenze, doporu\u010den\u00ed, testy a report\u00e1\u017ee, z m\u00edst, kam se v\u011bt\u0161ina \u010dten\u00e1\u0159\u016f b\u011b\u017en\u011b nedostane.\u00a0<\/strong><\/p><h2>\u0160\u00c9FREDAKTOR<\/h2><p class=\"autor\">Jakub Deml \/ jakub.deml@mzone.cz<\/p><p>Na tento kontakt pros\u00edm sm\u011b\u0159ujte dotazy a p\u0159ipom\u00ednky k obsahu \u010dl\u00e1nk\u016f, p\u0159\u00edpadn\u00e9 nab\u00eddky ke spolupr\u00e1ci, z\u00e1p\u016fj\u010dky produkt\u016f na recenze, apod.<\/p><h2>REDAKCE<\/h2><p class=\"autor2\">Martin \u0160afra, Jakub Deml<\/p><p class=\"autor2\">Dotazy a p\u0159ipom\u00ednky na redakci pros\u00edm sm\u011b\u0159ujte na redakce@.mzone.cz<\/p><p>Tiskov\u00e9 zpr\u00e1vy n\u00e1m pros\u00edm zas\u00edlejte na e-mail press@mzone.cz<a href=\"mailto:press@mzone.cz\" class=\"redakce_underline_thin\"><\/a><\/p><h2>TECHNICK\u00c1 PODPORA<\/h2><p>Chcete-li nahl\u00e1sit probl\u00e9m s webem MZONE.CZ, kontaktujte pros\u00edm\u00a0webmaster@mzone.cz\u00a0s popisem probl\u00e9mu spolu se screenshotem a adresou URL. Sd\u011blte n\u00e1m pros\u00edm tak\u00e9 verzi va\u0161eho prohl\u00ed\u017ee\u010de, nainstalovan\u00e9 roz\u0161\u00ed\u0159en\u00ed prohl\u00ed\u017ee\u010de, opera\u010dn\u00ed syst\u00e9m a typ va\u0161eho za\u0159\u00edzen\u00ed .<\/p><h2>Provozovatel<\/h2><p>Martin \u0160afra<\/p><\/div>\n<\/div>\n\n\t<\/div>\n<\/section>","protected":false},"excerpt":{"rendered":"<p>Na\u0161i redakto\u0159i p\u0159in\u00e1\u0161ej\u00ed pravideln\u011b informace o zaj\u00edmavostech, technick\u00fdch novink\u00e1ch \u010di historick\u00fdch faktech. Sou\u010d\u00e1st\u00ed magaz\u00ednu jsou i recenze, doporu\u010den\u00ed, testy a report\u00e1\u017ee, z m\u00edst, kam se v\u011bt\u0161ina \u010dten\u00e1\u0159\u016f b\u011b\u017en\u011b nedostane.\u00a0\u0160\u00c9FREDAKTORJakub Deml \/ jakub.deml@mzone.czNa tento kontakt pros\u00edm sm\u011b\u0159ujte dotazy a p\u0159ipom\u00ednky k obsahu \u010dl\u00e1nk\u016f, p\u0159\u00edpadn\u00e9 nab\u00eddky ke spolupr\u00e1ci, z\u00e1p\u016fj\u010dky produkt\u016f na recenze, apod.REDAKCEMartin \u0160afra, Jakub DemlDotazy a [&hellip;]<\/p>\n","protected":false},"author":1,"featured_media":0,"parent":0,"menu_order":0,"comment_status":"closed","ping_status":"closed","template":"page-builder.php","meta":{"kk_blocks_editor_width":"","_kiokenblocks_attr":"","_kiokenblocks_dimensions":"","footnotes":""},"class_list":["post-498","page","type-page","status-publish","hentry"],"yoast_head":"<!-- This site is optimized with the Yoast SEO plugin v27.5 - https:\/\/yoast.com\/product\/yoast-seo-wordpress\/ -->\n<title>Redakce - Mzone<\/title>\n<meta name=\"robots\" content=\"index, follow, max-snippet:-1, max-image-preview:large, max-video-preview:-1\" \/>\n<link rel=\"canonical\" href=\"https:\/\/www.mzone.cz\/en\/redakce\/\" \/>\n<meta property=\"og:locale\" content=\"en_US\" \/>\n<meta property=\"og:type\" content=\"article\" \/>\n<meta property=\"og:title\" content=\"Redakce - Mzone\" \/>\n<meta property=\"og:description\" content=\"Na\u0161i redakto\u0159i p\u0159in\u00e1\u0161ej\u00ed pravideln\u011b informace o zaj\u00edmavostech, technick\u00fdch novink\u00e1ch \u010di historick\u00fdch faktech. Sou\u010d\u00e1st\u00ed magaz\u00ednu jsou i recenze, doporu\u010den\u00ed, testy a report\u00e1\u017ee, z m\u00edst, kam se v\u011bt\u0161ina \u010dten\u00e1\u0159\u016f b\u011b\u017en\u011b nedostane.\u00a0\u0160\u00c9FREDAKTORJakub Deml \/ jakub.deml@mzone.czNa tento kontakt pros\u00edm sm\u011b\u0159ujte dotazy a p\u0159ipom\u00ednky k obsahu \u010dl\u00e1nk\u016f, p\u0159\u00edpadn\u00e9 nab\u00eddky ke spolupr\u00e1ci, z\u00e1p\u016fj\u010dky produkt\u016f na recenze, apod.REDAKCEMartin \u0160afra, Jakub DemlDotazy a [&hellip;]\" \/>\n<meta property=\"og:url\" content=\"https:\/\/www.mzone.cz\/en\/redakce\/\" \/>\n<meta property=\"og:site_name\" content=\"Mzone\" \/>\n<meta property=\"article:publisher\" content=\"https:\/\/www.facebook.com\/MzoneCZ\/\" \/>\n<meta property=\"article:modified_time\" content=\"2024-12-15T11:50:56+00:00\" \/>\n<meta property=\"og:image\" content=\"https:\/\/www.mzone.cz\/wp-content\/uploads\/2018\/01\/2Kreslici\u0301-pla\u0301tno-1-89-copy6.png\" \/>\n\t<meta property=\"og:image:width\" content=\"120\" \/>\n\t<meta property=\"og:image:height\" content=\"32\" \/>\n\t<meta property=\"og:image:type\" content=\"image\/png\" \/>\n<meta name=\"twitter:card\" content=\"summary_large_image\" \/>\n<meta name=\"twitter:label1\" content=\"Est. reading time\" \/>\n\t<meta name=\"twitter:data1\" content=\"1 minute\" \/>\n<script type=\"application\/ld+json\" class=\"yoast-schema-graph\">{\"@context\":\"https:\\\/\\\/schema.org\",\"@graph\":[{\"@type\":\"WebPage\",\"@id\":\"https:\\\/\\\/www.mzone.cz\\\/redakce\\\/\",\"url\":\"https:\\\/\\\/www.mzone.cz\\\/redakce\\\/\",\"name\":\"Redakce - Mzone\",\"isPartOf\":{\"@id\":\"https:\\\/\\\/www.mzone.cz\\\/#website\"},\"datePublished\":\"2018-02-07T11:11:49+00:00\",\"dateModified\":\"2024-12-15T11:50:56+00:00\",\"breadcrumb\":{\"@id\":\"https:\\\/\\\/www.mzone.cz\\\/redakce\\\/#breadcrumb\"},\"inLanguage\":\"en-US\",\"potentialAction\":[{\"@type\":\"ReadAction\",\"target\":[\"https:\\\/\\\/www.mzone.cz\\\/redakce\\\/\"]}]},{\"@type\":\"BreadcrumbList\",\"@id\":\"https:\\\/\\\/www.mzone.cz\\\/redakce\\\/#breadcrumb\",\"itemListElement\":[{\"@type\":\"ListItem\",\"position\":1,\"name\":\"Dom\u016f\",\"item\":\"https:\\\/\\\/www.mzone.cz\\\/\"},{\"@type\":\"ListItem\",\"position\":2,\"name\":\"Redakce\"}]},{\"@type\":\"WebSite\",\"@id\":\"https:\\\/\\\/www.mzone.cz\\\/#website\",\"url\":\"https:\\\/\\\/www.mzone.cz\\\/\",\"name\":\"Mzone\",\"description\":\"Magaz\u00edn nejen pro mu\u017ee\",\"potentialAction\":[{\"@type\":\"SearchAction\",\"target\":{\"@type\":\"EntryPoint\",\"urlTemplate\":\"https:\\\/\\\/www.mzone.cz\\\/?s={search_term_string}\"},\"query-input\":{\"@type\":\"PropertyValueSpecification\",\"valueRequired\":true,\"valueName\":\"search_term_string\"}}],\"inLanguage\":\"en-US\"}]}<\/script>\n<!-- \/ Yoast SEO plugin. -->","yoast_head_json":{"title":"Redakce - Mzone","robots":{"index":"index","follow":"follow","max-snippet":"max-snippet:-1","max-image-preview":"max-image-preview:large","max-video-preview":"max-video-preview:-1"},"canonical":"https:\/\/www.mzone.cz\/en\/redakce\/","og_locale":"en_US","og_type":"article","og_title":"Redakce - Mzone","og_description":"Na\u0161i redakto\u0159i p\u0159in\u00e1\u0161ej\u00ed pravideln\u011b informace o zaj\u00edmavostech, technick\u00fdch novink\u00e1ch \u010di historick\u00fdch faktech. Sou\u010d\u00e1st\u00ed magaz\u00ednu jsou i recenze, doporu\u010den\u00ed, testy a report\u00e1\u017ee, z m\u00edst, kam se v\u011bt\u0161ina \u010dten\u00e1\u0159\u016f b\u011b\u017en\u011b nedostane.\u00a0\u0160\u00c9FREDAKTORJakub Deml \/ jakub.deml@mzone.czNa tento kontakt pros\u00edm sm\u011b\u0159ujte dotazy a p\u0159ipom\u00ednky k obsahu \u010dl\u00e1nk\u016f, p\u0159\u00edpadn\u00e9 nab\u00eddky ke spolupr\u00e1ci, z\u00e1p\u016fj\u010dky produkt\u016f na recenze, apod.REDAKCEMartin \u0160afra, Jakub DemlDotazy a [&hellip;]","og_url":"https:\/\/www.mzone.cz\/en\/redakce\/","og_site_name":"Mzone","article_publisher":"https:\/\/www.facebook.com\/MzoneCZ\/","article_modified_time":"2024-12-15T11:50:56+00:00","og_image":[{"width":120,"height":32,"url":"https:\/\/www.mzone.cz\/wp-content\/uploads\/2018\/01\/2Kreslici\u0301-pla\u0301tno-1-89-copy6.png","type":"image\/png"}],"twitter_card":"summary_large_image","twitter_misc":{"Est. reading time":"1 minute"},"schema":{"@context":"https:\/\/schema.org","@graph":[{"@type":"WebPage","@id":"https:\/\/www.mzone.cz\/redakce\/","url":"https:\/\/www.mzone.cz\/redakce\/","name":"Redakce - Mzone","isPartOf":{"@id":"https:\/\/www.mzone.cz\/#website"},"datePublished":"2018-02-07T11:11:49+00:00","dateModified":"2024-12-15T11:50:56+00:00","breadcrumb":{"@id":"https:\/\/www.mzone.cz\/redakce\/#breadcrumb"},"inLanguage":"en-US","potentialAction":[{"@type":"ReadAction","target":["https:\/\/www.mzone.cz\/redakce\/"]}]},{"@type":"BreadcrumbList","@id":"https:\/\/www.mzone.cz\/redakce\/#breadcrumb","itemListElement":[{"@type":"ListItem","position":1,"name":"Dom\u016f","item":"https:\/\/www.mzone.cz\/"},{"@type":"ListItem","position":2,"name":"Redakce"}]},{"@type":"WebSite","@id":"https:\/\/www.mzone.cz\/#website","url":"https:\/\/www.mzone.cz\/","name":"Mzone","description":"Magaz\u00edn nejen pro mu\u017ee","potentialAction":[{"@type":"SearchAction","target":{"@type":"EntryPoint","urlTemplate":"https:\/\/www.mzone.cz\/?s={search_term_string}"},"query-input":{"@type":"PropertyValueSpecification","valueRequired":true,"valueName":"search_term_string"}}],"inLanguage":"en-US"}]}},"_links":{"self":[{"href":"https:\/\/www.mzone.cz\/en\/wp-json\/wp\/v2\/pages\/498","targetHints":{"allow":["GET"]}}],"collection":[{"href":"https:\/\/www.mzone.cz\/en\/wp-json\/wp\/v2\/pages"}],"about":[{"href":"https:\/\/www.mzone.cz\/en\/wp-json\/wp\/v2\/types\/page"}],"author":[{"embeddable":true,"href":"https:\/\/www.mzone.cz\/en\/wp-json\/wp\/v2\/users\/1"}],"replies":[{"embeddable":true,"href":"https:\/\/www.mzone.cz\/en\/wp-json\/wp\/v2\/comments?post=498"}],"version-history":[{"count":4,"href":"https:\/\/www.mzone.cz\/en\/wp-json\/wp\/v2\/pages\/498\/revisions"}],"predecessor-version":[{"id":44532,"href":"https:\/\/www.mzone.cz\/en\/wp-json\/wp\/v2\/pages\/498\/revisions\/44532"}],"wp:attachment":[{"href":"https:\/\/www.mzone.cz\/en\/wp-json\/wp\/v2\/media?parent=498"}],"curies":[{"name":"wp","href":"https:\/\/api.w.org\/{rel}","templated":true}]}}