{"id":501,"date":"2018-02-07T12:14:43","date_gmt":"2018-02-07T11:14:43","guid":{"rendered":"http:\/\/www.mzone.cz\/?page_id=501"},"modified":"2021-06-02T19:39:35","modified_gmt":"2021-06-02T17:39:35","slug":"kontakt","status":"publish","type":"page","link":"https:\/\/www.mzone.cz\/en\/kontakt\/","title":{"rendered":"Kontakt"},"content":{"rendered":"<div class=\"wp-block-columns is-layout-flex wp-container-core-columns-is-layout-9d6595d7 wp-block-columns-is-layout-flex\">\n<div class=\"wp-block-column is-layout-flow wp-block-column-is-layout-flow\"><\/div>\n<\/div>\n\n\n\n<div class=\"wp-block-columns is-layout-flex wp-container-core-columns-is-layout-9d6595d7 wp-block-columns-is-layout-flex\">\n<div class=\"wp-block-column is-layout-flow wp-block-column-is-layout-flow\" style=\"flex-basis:25%\"><\/div>\n\n\n\n<div class=\"wp-block-column is-layout-flow wp-block-column-is-layout-flow\" style=\"flex-basis:50%\">\n<h2 class=\"wp-block-heading\">Kontakt<\/h2>\n\n\n\n<p>M\u00e1te dotazy nebo p\u0159ipom\u00ednky? Nev\u00e1hejte n\u00e1s kontaktovat!<\/p>\n\n\n\n<p><a href=\"mailto:info@mzone.cz\">info@mzone.cz<\/a><\/p>\n<\/div>\n\n\n\n<div class=\"wp-block-column is-layout-flow wp-block-column-is-layout-flow\" style=\"flex-basis:25%\"><\/div>\n<\/div>\n\n\n\n<div class=\"wp-block-columns is-layout-flex wp-container-core-columns-is-layout-9d6595d7 wp-block-columns-is-layout-flex\">\n<div class=\"wp-block-column is-layout-flow wp-block-column-is-layout-flow\"><\/div>\n<\/div>\n\n\n\n<div class=\"wp-block-columns is-layout-flex wp-container-core-columns-is-layout-9d6595d7 wp-block-columns-is-layout-flex\">\n<div class=\"wp-block-column is-layout-flow wp-block-column-is-layout-flow\" style=\"flex-basis:25%\"><\/div>\n\n\n\n<div class=\"wp-block-column is-layout-flow wp-block-column-is-layout-flow\" style=\"flex-basis:50%\">\n<h4 class=\"wp-block-heading\">Provozovatel<\/h4>\n\n\n\n<p>Magnas Media s.r.o.<\/p>\n\n\n\n<p>P\u0159\u00edkr\u00e1 271\/16<\/p>\n\n\n\n<p>147 00 Praha 4 &#8211; Bran\u00edk<\/p>\n\n\n\n<p>I\u010cO:&nbsp;24225584<\/p>\n<\/div>\n\n\n\n<div class=\"wp-block-column is-layout-flow wp-block-column-is-layout-flow\" style=\"flex-basis:25%\"><\/div>\n<\/div>\n\n\n\n<div class=\"wp-block-columns is-layout-flex wp-container-core-columns-is-layout-9d6595d7 wp-block-columns-is-layout-flex\">\n<div class=\"wp-block-column is-layout-flow wp-block-column-is-layout-flow\"><\/div>\n\n\n\n<div class=\"wp-block-column is-layout-flow wp-block-column-is-layout-flow\"><\/div>\n<\/div>\n\n\n\n<div class=\"wp-block-columns is-layout-flex wp-container-core-columns-is-layout-9d6595d7 wp-block-columns-is-layout-flex\">\n<div class=\"wp-block-column is-layout-flow wp-block-column-is-layout-flow\"><\/div>\n<\/div>","protected":false},"excerpt":{"rendered":"<p>Kontakt M\u00e1te dotazy nebo p\u0159ipom\u00ednky? Nev\u00e1hejte n\u00e1s kontaktovat! info@mzone.cz Provozovatel Magnas Media s.r.o. P\u0159\u00edkr\u00e1 271\/16 147 00 Praha 4 &#8211; Bran\u00edk I\u010cO:&nbsp;24225584<\/p>","protected":false},"author":1,"featured_media":0,"parent":0,"menu_order":0,"comment_status":"closed","ping_status":"closed","template":"page-builder.php","meta":{"kk_blocks_editor_width":"","_kiokenblocks_attr":"","_kiokenblocks_dimensions":"","footnotes":""},"class_list":["post-501","page","type-page","status-publish","hentry"],"yoast_head":"<!-- This site is optimized with the Yoast SEO plugin v27.4 - https:\/\/yoast.com\/product\/yoast-seo-wordpress\/ -->\n<title>Kontakt - Mzone<\/title>\n<meta name=\"robots\" content=\"index, follow, max-snippet:-1, max-image-preview:large, max-video-preview:-1\" \/>\n<link rel=\"canonical\" href=\"https:\/\/www.mzone.cz\/en\/kontakt\/\" \/>\n<meta property=\"og:locale\" content=\"en_US\" \/>\n<meta property=\"og:type\" content=\"article\" \/>\n<meta property=\"og:title\" content=\"Kontakt - Mzone\" \/>\n<meta property=\"og:description\" content=\"Kontakt M\u00e1te dotazy nebo p\u0159ipom\u00ednky? Nev\u00e1hejte n\u00e1s kontaktovat! info@mzone.cz Provozovatel Magnas Media s.r.o. P\u0159\u00edkr\u00e1 271\/16 147 00 Praha 4 &#8211; Bran\u00edk I\u010cO:&nbsp;24225584\" \/>\n<meta property=\"og:url\" content=\"https:\/\/www.mzone.cz\/en\/kontakt\/\" \/>\n<meta property=\"og:site_name\" content=\"Mzone\" \/>\n<meta property=\"article:publisher\" content=\"https:\/\/www.facebook.com\/MzoneCZ\/\" \/>\n<meta property=\"article:modified_time\" content=\"2021-06-02T17:39:35+00:00\" \/>\n<meta property=\"og:image\" content=\"https:\/\/www.mzone.cz\/wp-content\/uploads\/2018\/01\/2Kreslici\u0301-pla\u0301tno-1-89-copy6.png\" \/>\n\t<meta property=\"og:image:width\" content=\"120\" \/>\n\t<meta property=\"og:image:height\" content=\"32\" \/>\n\t<meta property=\"og:image:type\" content=\"image\/png\" \/>\n<meta name=\"twitter:card\" content=\"summary_large_image\" \/>\n<meta name=\"twitter:label1\" content=\"Est. reading time\" \/>\n\t<meta name=\"twitter:data1\" content=\"1 minute\" \/>\n<script type=\"application\/ld+json\" class=\"yoast-schema-graph\">{\"@context\":\"https:\\\/\\\/schema.org\",\"@graph\":[{\"@type\":\"WebPage\",\"@id\":\"https:\\\/\\\/www.mzone.cz\\\/en\\\/kontakt\\\/\",\"url\":\"https:\\\/\\\/www.mzone.cz\\\/en\\\/kontakt\\\/\",\"name\":\"Kontakt - Mzone\",\"isPartOf\":{\"@id\":\"https:\\\/\\\/www.mzone.cz\\\/#website\"},\"datePublished\":\"2018-02-07T11:14:43+00:00\",\"dateModified\":\"2021-06-02T17:39:35+00:00\",\"breadcrumb\":{\"@id\":\"https:\\\/\\\/www.mzone.cz\\\/en\\\/kontakt\\\/#breadcrumb\"},\"inLanguage\":\"en-US\",\"potentialAction\":[{\"@type\":\"ReadAction\",\"target\":[\"https:\\\/\\\/www.mzone.cz\\\/en\\\/kontakt\\\/\"]}]},{\"@type\":\"BreadcrumbList\",\"@id\":\"https:\\\/\\\/www.mzone.cz\\\/en\\\/kontakt\\\/#breadcrumb\",\"itemListElement\":[{\"@type\":\"ListItem\",\"position\":1,\"name\":\"Dom\u016f\",\"item\":\"https:\\\/\\\/www.mzone.cz\\\/\"},{\"@type\":\"ListItem\",\"position\":2,\"name\":\"Kontakt\"}]},{\"@type\":\"WebSite\",\"@id\":\"https:\\\/\\\/www.mzone.cz\\\/#website\",\"url\":\"https:\\\/\\\/www.mzone.cz\\\/\",\"name\":\"Mzone\",\"description\":\"Magaz\u00edn nejen pro mu\u017ee\",\"potentialAction\":[{\"@type\":\"SearchAction\",\"target\":{\"@type\":\"EntryPoint\",\"urlTemplate\":\"https:\\\/\\\/www.mzone.cz\\\/?s={search_term_string}\"},\"query-input\":{\"@type\":\"PropertyValueSpecification\",\"valueRequired\":true,\"valueName\":\"search_term_string\"}}],\"inLanguage\":\"en-US\"}]}<\/script>\n<!-- \/ Yoast SEO plugin. -->","yoast_head_json":{"title":"Kontakt - Mzone","robots":{"index":"index","follow":"follow","max-snippet":"max-snippet:-1","max-image-preview":"max-image-preview:large","max-video-preview":"max-video-preview:-1"},"canonical":"https:\/\/www.mzone.cz\/en\/kontakt\/","og_locale":"en_US","og_type":"article","og_title":"Kontakt - Mzone","og_description":"Kontakt M\u00e1te dotazy nebo p\u0159ipom\u00ednky? Nev\u00e1hejte n\u00e1s kontaktovat! info@mzone.cz Provozovatel Magnas Media s.r.o. P\u0159\u00edkr\u00e1 271\/16 147 00 Praha 4 &#8211; Bran\u00edk I\u010cO:&nbsp;24225584","og_url":"https:\/\/www.mzone.cz\/en\/kontakt\/","og_site_name":"Mzone","article_publisher":"https:\/\/www.facebook.com\/MzoneCZ\/","article_modified_time":"2021-06-02T17:39:35+00:00","og_image":[{"width":120,"height":32,"url":"https:\/\/www.mzone.cz\/wp-content\/uploads\/2018\/01\/2Kreslici\u0301-pla\u0301tno-1-89-copy6.png","type":"image\/png"}],"twitter_card":"summary_large_image","twitter_misc":{"Est. reading time":"1 minute"},"schema":{"@context":"https:\/\/schema.org","@graph":[{"@type":"WebPage","@id":"https:\/\/www.mzone.cz\/en\/kontakt\/","url":"https:\/\/www.mzone.cz\/en\/kontakt\/","name":"Kontakt - Mzone","isPartOf":{"@id":"https:\/\/www.mzone.cz\/#website"},"datePublished":"2018-02-07T11:14:43+00:00","dateModified":"2021-06-02T17:39:35+00:00","breadcrumb":{"@id":"https:\/\/www.mzone.cz\/en\/kontakt\/#breadcrumb"},"inLanguage":"en-US","potentialAction":[{"@type":"ReadAction","target":["https:\/\/www.mzone.cz\/en\/kontakt\/"]}]},{"@type":"BreadcrumbList","@id":"https:\/\/www.mzone.cz\/en\/kontakt\/#breadcrumb","itemListElement":[{"@type":"ListItem","position":1,"name":"Dom\u016f","item":"https:\/\/www.mzone.cz\/"},{"@type":"ListItem","position":2,"name":"Kontakt"}]},{"@type":"WebSite","@id":"https:\/\/www.mzone.cz\/#website","url":"https:\/\/www.mzone.cz\/","name":"Mzone","description":"Magaz\u00edn nejen pro mu\u017ee","potentialAction":[{"@type":"SearchAction","target":{"@type":"EntryPoint","urlTemplate":"https:\/\/www.mzone.cz\/?s={search_term_string}"},"query-input":{"@type":"PropertyValueSpecification","valueRequired":true,"valueName":"search_term_string"}}],"inLanguage":"en-US"}]}},"_links":{"self":[{"href":"https:\/\/www.mzone.cz\/en\/wp-json\/wp\/v2\/pages\/501","targetHints":{"allow":["GET"]}}],"collection":[{"href":"https:\/\/www.mzone.cz\/en\/wp-json\/wp\/v2\/pages"}],"about":[{"href":"https:\/\/www.mzone.cz\/en\/wp-json\/wp\/v2\/types\/page"}],"author":[{"embeddable":true,"href":"https:\/\/www.mzone.cz\/en\/wp-json\/wp\/v2\/users\/1"}],"replies":[{"embeddable":true,"href":"https:\/\/www.mzone.cz\/en\/wp-json\/wp\/v2\/comments?post=501"}],"version-history":[{"count":6,"href":"https:\/\/www.mzone.cz\/en\/wp-json\/wp\/v2\/pages\/501\/revisions"}],"predecessor-version":[{"id":32685,"href":"https:\/\/www.mzone.cz\/en\/wp-json\/wp\/v2\/pages\/501\/revisions\/32685"}],"wp:attachment":[{"href":"https:\/\/www.mzone.cz\/en\/wp-json\/wp\/v2\/media?parent=501"}],"curies":[{"name":"wp","href":"https:\/\/api.w.org\/{rel}","templated":true}]}}