{"id":504,"date":"2018-02-07T12:17:01","date_gmt":"2018-02-07T11:17:01","guid":{"rendered":"http:\/\/www.mzone.cz\/?page_id=504"},"modified":"2018-04-13T10:30:16","modified_gmt":"2018-04-13T08:30:16","slug":"reklama","status":"publish","type":"page","link":"https:\/\/www.mzone.cz\/en\/reklama\/","title":{"rendered":"Reklama"},"content":{"rendered":"<h2>Chcete vlastn\u00ed reklamu na Mzone.cz?<\/h2>\n<p>L\u00edb\u00ed se v\u00e1m Mzone.cz? M\u00e1te produkt, obchod nebo slu\u017eby, kter\u00e9 jsou p\u0159esn\u011b pro na\u0161i c\u00edlovou skupinu? Nebojte se n\u00e1s kontaktovat na e-mail:\u00a0redakce@www.mzone.cz.<\/p>\n<h2>C\u00edlov\u00e1 skupina<\/h2>\n<p>Mzone.cz je zam\u011b\u0159en p\u0159edev\u0161\u00edm na mu\u017ee ve v\u011bku 18-55 let z v\u011bt\u0161\u00edch m\u011bst, kter\u00fdm nen\u00ed lhostejn\u00fd jejich zevn\u011bj\u0161ek a vystupov\u00e1n\u00ed.<\/p>\n<p>Sekund\u00e1rn\u011b se zam\u011b\u0159ujeme na TOP mu\u017ee, podnikatele, p\u0159\u00edpadn\u011b na top pozic\u00edch nap\u0159. v managementu, kte\u0159\u00ed jsou motivac\u00ed pro na\u0161i prim\u00e1rn\u00ed c\u00edlovou skupinu.<\/p>\n<p>\u010cten\u00e1\u0159i Mzone.cz maj\u00ed vkus a dok\u00e1\u017e\u00ed ocenit kr\u00e1sn\u00e9 a efektivn\u00ed v\u011bci.<\/p>\n<p>Bl\u00ed\u017e\u0161\u00ed info na vy\u017e\u00e1d\u00e1n\u00ed.<\/p>\n<h2>Vkl\u00e1d\u00e1n\u00ed komer\u010dn\u00edch odkaz\u016f do diskuz\u00ed<\/h2>\n<p>Diskuze na serveru Mzone.cz neobsahuj\u00ed doporu\u010den\u00ed komer\u010dn\u00edho charakteru, kter\u00e9 by mohlo m\u00e1st u\u017eivatele. Z tohoto d\u016fvodu budou koment\u00e1\u0159e obsahuj\u00edc\u00ed komer\u010dn\u00ed sd\u011blen\u00ed maz\u00e1ny. V p\u0159\u00edpad\u011b jejich um\u00edst\u011bn\u00ed m\u016f\u017ee b\u00fdt autorovi \u00fa\u010dtov\u00e1n poplatek za administrativn\u00ed \u00fakony spojen\u00e9 s maz\u00e1n\u00edm koment\u00e1\u0159\u016f a\u017e 1 tis. K\u010d za ka\u017ed\u00fd koment\u00e1\u0159.<\/p>\n<p>V p\u0159\u00edpad\u011b, \u017ee chcete um\u00edstit na web Mzone.cz reklamu nev\u00e1hejte n\u00e1s kontaktovat.<\/p>","protected":false},"excerpt":{"rendered":"<p>Chcete vlastn\u00ed reklamu na Mzone.cz? L\u00edb\u00ed se v\u00e1m Mzone.cz? M\u00e1te produkt, obchod nebo slu\u017eby, kter\u00e9 jsou p\u0159esn\u011b pro na\u0161i c\u00edlovou skupinu? Nebojte se n\u00e1s kontaktovat na e-mail:\u00a0redakce@www.mzone.cz. C\u00edlov\u00e1 skupina Mzone.cz je zam\u011b\u0159en p\u0159edev\u0161\u00edm na mu\u017ee ve v\u011bku 18-55 let z v\u011bt\u0161\u00edch m\u011bst, kter\u00fdm nen\u00ed lhostejn\u00fd jejich zevn\u011bj\u0161ek a vystupov\u00e1n\u00ed. Sekund\u00e1rn\u011b se zam\u011b\u0159ujeme na TOP mu\u017ee, [&hellip;]<\/p>\n","protected":false},"author":1,"featured_media":0,"parent":0,"menu_order":0,"comment_status":"closed","ping_status":"closed","template":"","meta":{"kk_blocks_editor_width":"","_kiokenblocks_attr":"","_kiokenblocks_dimensions":"","footnotes":""},"class_list":["post-504","page","type-page","status-publish","hentry"],"yoast_head":"<!-- This site is optimized with the Yoast SEO plugin v27.4 - https:\/\/yoast.com\/product\/yoast-seo-wordpress\/ -->\n<title>Reklama - Mzone<\/title>\n<meta name=\"robots\" content=\"index, follow, max-snippet:-1, max-image-preview:large, max-video-preview:-1\" \/>\n<link rel=\"canonical\" href=\"https:\/\/www.mzone.cz\/en\/reklama\/\" \/>\n<meta property=\"og:locale\" content=\"en_US\" \/>\n<meta property=\"og:type\" content=\"article\" \/>\n<meta property=\"og:title\" content=\"Reklama - Mzone\" \/>\n<meta property=\"og:description\" content=\"Chcete vlastn\u00ed reklamu na Mzone.cz? L\u00edb\u00ed se v\u00e1m Mzone.cz? M\u00e1te produkt, obchod nebo slu\u017eby, kter\u00e9 jsou p\u0159esn\u011b pro na\u0161i c\u00edlovou skupinu? Nebojte se n\u00e1s kontaktovat na e-mail:\u00a0redakce@www.mzone.cz. C\u00edlov\u00e1 skupina Mzone.cz je zam\u011b\u0159en p\u0159edev\u0161\u00edm na mu\u017ee ve v\u011bku 18-55 let z v\u011bt\u0161\u00edch m\u011bst, kter\u00fdm nen\u00ed lhostejn\u00fd jejich zevn\u011bj\u0161ek a vystupov\u00e1n\u00ed. Sekund\u00e1rn\u011b se zam\u011b\u0159ujeme na TOP mu\u017ee, [&hellip;]\" \/>\n<meta property=\"og:url\" content=\"https:\/\/www.mzone.cz\/en\/reklama\/\" \/>\n<meta property=\"og:site_name\" content=\"Mzone\" \/>\n<meta property=\"article:publisher\" content=\"https:\/\/www.facebook.com\/MzoneCZ\/\" \/>\n<meta property=\"article:modified_time\" content=\"2018-04-13T08:30:16+00:00\" \/>\n<meta property=\"og:image\" content=\"https:\/\/www.mzone.cz\/wp-content\/uploads\/2018\/01\/2Kreslici\u0301-pla\u0301tno-1-89-copy6.png\" \/>\n\t<meta property=\"og:image:width\" content=\"120\" \/>\n\t<meta property=\"og:image:height\" content=\"32\" \/>\n\t<meta property=\"og:image:type\" content=\"image\/png\" \/>\n<meta name=\"twitter:card\" content=\"summary_large_image\" \/>\n<meta name=\"twitter:label1\" content=\"Est. reading time\" \/>\n\t<meta name=\"twitter:data1\" content=\"1 minute\" \/>\n<script type=\"application\/ld+json\" class=\"yoast-schema-graph\">{\"@context\":\"https:\\\/\\\/schema.org\",\"@graph\":[{\"@type\":\"WebPage\",\"@id\":\"https:\\\/\\\/www.mzone.cz\\\/reklama\\\/\",\"url\":\"https:\\\/\\\/www.mzone.cz\\\/reklama\\\/\",\"name\":\"Reklama - Mzone\",\"isPartOf\":{\"@id\":\"https:\\\/\\\/www.mzone.cz\\\/#website\"},\"datePublished\":\"2018-02-07T11:17:01+00:00\",\"dateModified\":\"2018-04-13T08:30:16+00:00\",\"breadcrumb\":{\"@id\":\"https:\\\/\\\/www.mzone.cz\\\/reklama\\\/#breadcrumb\"},\"inLanguage\":\"en-US\",\"potentialAction\":[{\"@type\":\"ReadAction\",\"target\":[\"https:\\\/\\\/www.mzone.cz\\\/reklama\\\/\"]}]},{\"@type\":\"BreadcrumbList\",\"@id\":\"https:\\\/\\\/www.mzone.cz\\\/reklama\\\/#breadcrumb\",\"itemListElement\":[{\"@type\":\"ListItem\",\"position\":1,\"name\":\"Dom\u016f\",\"item\":\"https:\\\/\\\/www.mzone.cz\\\/\"},{\"@type\":\"ListItem\",\"position\":2,\"name\":\"Reklama\"}]},{\"@type\":\"WebSite\",\"@id\":\"https:\\\/\\\/www.mzone.cz\\\/#website\",\"url\":\"https:\\\/\\\/www.mzone.cz\\\/\",\"name\":\"Mzone\",\"description\":\"Magaz\u00edn nejen pro mu\u017ee\",\"potentialAction\":[{\"@type\":\"SearchAction\",\"target\":{\"@type\":\"EntryPoint\",\"urlTemplate\":\"https:\\\/\\\/www.mzone.cz\\\/?s={search_term_string}\"},\"query-input\":{\"@type\":\"PropertyValueSpecification\",\"valueRequired\":true,\"valueName\":\"search_term_string\"}}],\"inLanguage\":\"en-US\"}]}<\/script>\n<!-- \/ Yoast SEO plugin. -->","yoast_head_json":{"title":"Reklama - Mzone","robots":{"index":"index","follow":"follow","max-snippet":"max-snippet:-1","max-image-preview":"max-image-preview:large","max-video-preview":"max-video-preview:-1"},"canonical":"https:\/\/www.mzone.cz\/en\/reklama\/","og_locale":"en_US","og_type":"article","og_title":"Reklama - Mzone","og_description":"Chcete vlastn\u00ed reklamu na Mzone.cz? L\u00edb\u00ed se v\u00e1m Mzone.cz? M\u00e1te produkt, obchod nebo slu\u017eby, kter\u00e9 jsou p\u0159esn\u011b pro na\u0161i c\u00edlovou skupinu? Nebojte se n\u00e1s kontaktovat na e-mail:\u00a0redakce@www.mzone.cz. C\u00edlov\u00e1 skupina Mzone.cz je zam\u011b\u0159en p\u0159edev\u0161\u00edm na mu\u017ee ve v\u011bku 18-55 let z v\u011bt\u0161\u00edch m\u011bst, kter\u00fdm nen\u00ed lhostejn\u00fd jejich zevn\u011bj\u0161ek a vystupov\u00e1n\u00ed. Sekund\u00e1rn\u011b se zam\u011b\u0159ujeme na TOP mu\u017ee, [&hellip;]","og_url":"https:\/\/www.mzone.cz\/en\/reklama\/","og_site_name":"Mzone","article_publisher":"https:\/\/www.facebook.com\/MzoneCZ\/","article_modified_time":"2018-04-13T08:30:16+00:00","og_image":[{"width":120,"height":32,"url":"https:\/\/www.mzone.cz\/wp-content\/uploads\/2018\/01\/2Kreslici\u0301-pla\u0301tno-1-89-copy6.png","type":"image\/png"}],"twitter_card":"summary_large_image","twitter_misc":{"Est. reading time":"1 minute"},"schema":{"@context":"https:\/\/schema.org","@graph":[{"@type":"WebPage","@id":"https:\/\/www.mzone.cz\/reklama\/","url":"https:\/\/www.mzone.cz\/reklama\/","name":"Reklama - Mzone","isPartOf":{"@id":"https:\/\/www.mzone.cz\/#website"},"datePublished":"2018-02-07T11:17:01+00:00","dateModified":"2018-04-13T08:30:16+00:00","breadcrumb":{"@id":"https:\/\/www.mzone.cz\/reklama\/#breadcrumb"},"inLanguage":"en-US","potentialAction":[{"@type":"ReadAction","target":["https:\/\/www.mzone.cz\/reklama\/"]}]},{"@type":"BreadcrumbList","@id":"https:\/\/www.mzone.cz\/reklama\/#breadcrumb","itemListElement":[{"@type":"ListItem","position":1,"name":"Dom\u016f","item":"https:\/\/www.mzone.cz\/"},{"@type":"ListItem","position":2,"name":"Reklama"}]},{"@type":"WebSite","@id":"https:\/\/www.mzone.cz\/#website","url":"https:\/\/www.mzone.cz\/","name":"Mzone","description":"Magaz\u00edn nejen pro mu\u017ee","potentialAction":[{"@type":"SearchAction","target":{"@type":"EntryPoint","urlTemplate":"https:\/\/www.mzone.cz\/?s={search_term_string}"},"query-input":{"@type":"PropertyValueSpecification","valueRequired":true,"valueName":"search_term_string"}}],"inLanguage":"en-US"}]}},"_links":{"self":[{"href":"https:\/\/www.mzone.cz\/en\/wp-json\/wp\/v2\/pages\/504","targetHints":{"allow":["GET"]}}],"collection":[{"href":"https:\/\/www.mzone.cz\/en\/wp-json\/wp\/v2\/pages"}],"about":[{"href":"https:\/\/www.mzone.cz\/en\/wp-json\/wp\/v2\/types\/page"}],"author":[{"embeddable":true,"href":"https:\/\/www.mzone.cz\/en\/wp-json\/wp\/v2\/users\/1"}],"replies":[{"embeddable":true,"href":"https:\/\/www.mzone.cz\/en\/wp-json\/wp\/v2\/comments?post=504"}],"version-history":[{"count":0,"href":"https:\/\/www.mzone.cz\/en\/wp-json\/wp\/v2\/pages\/504\/revisions"}],"wp:attachment":[{"href":"https:\/\/www.mzone.cz\/en\/wp-json\/wp\/v2\/media?parent=504"}],"curies":[{"name":"wp","href":"https:\/\/api.w.org\/{rel}","templated":true}]}}